{"id":11798,"date":"2019-12-20T12:12:23","date_gmt":"2019-12-20T11:12:23","guid":{"rendered":"https:\/\/www.goron.fr\/remote-video-surveillance-operator\/"},"modified":"2020-02-17T12:12:37","modified_gmt":"2020-02-17T11:12:37","slug":"remote-video-surveillance-operator","status":"publish","type":"page","link":"https:\/\/www.goron.fr\/en\/remote-video-surveillance-operator\/","title":{"rendered":"REMOTE VIDEO SURVEILLANCE OPERATOR"},"content":{"rendered":"<p><b>Remote surveillance operators carry out, in accordance with strict instructions, the processing of information and signals received by the remote surveillance central station, coming from the customer security installations.<\/b><\/p>\n<h2><b>Missions*<\/b><\/h2>\n<ul>\n<li><span style=\"font-weight: 400;\">Analysing and processing information and signals appearing on reception front-ends<\/span><\/li>\n<li><span style=\"font-weight: 400;\">Applying customer instructions, possibly adapting them in case of emergency<\/span><\/li>\n<li><span style=\"font-weight: 400;\">Deciding interventions or actions and following up on them<\/span><\/li>\n<li><span style=\"font-weight: 400;\">Writing reports about corporate actions<\/span><\/li>\n<li><span style=\"font-weight: 400;\">Initiating and following up on interventions<\/span><\/li>\n<li><span style=\"font-weight: 400;\">Processing a large call flow<\/span><\/li>\n<li><span style=\"font-weight: 400;\">Ensuring return to operational normalcy<\/span><\/li>\n<\/ul>\n<p><em><span style=\"font-weight: 400;\">(*Non-exhaustive list)<\/span><\/em><\/p>\n<h2><b>Qualifications and diploma required<\/b><\/h2>\n<ul>\n<li><span style=\"font-weight: 400;\">General level: baccalaureate or equivalent diploma<\/span><\/li>\n<li><span style=\"font-weight: 400;\">Minimum training to missions and regulations of private security<\/span><\/li>\n<li><span style=\"font-weight: 400;\">Specific training given by the company about the use of its internal systems<\/span><\/li>\n<li><span style=\"font-weight: 400;\">Skills in office automation and in the use of technical software<\/span><\/li>\n<li><span style=\"font-weight: 400;\">Rigorous and steady behaviour at all times<\/span><\/li>\n<\/ul>\n","protected":false},"excerpt":{"rendered":"<p>Remote surveillance operators carry out, in accordance with strict instructions, the processing of information and signals received by the remote surveillance central station, coming from the customer security installations. Missions* Analysing and processing information and signals appearing on reception front-ends Applying customer instructions, possibly adapting them in case of emergency Deciding interventions or actions and<a href=\"https:\/\/www.goron.fr\/en\/remote-video-surveillance-operator\/\"><i class=\"chevron right icon\"><\/i><\/a><\/p>\n","protected":false},"author":1,"featured_media":0,"parent":12104,"menu_order":54,"comment_status":"closed","ping_status":"closed","template":"","meta":{"_acf_changed":false,"footnotes":""},"acf":[],"yoast_head":"<!-- This site is optimized with the Yoast SEO plugin v19.13 - https:\/\/yoast.com\/wordpress\/plugins\/seo\/ -->\n<title>Remote video surveillance operator<\/title>\n<meta name=\"description\" content=\"Remote video surveillance operator have different missions to ensure a location&#039;s security and safety. Discover this profession&#039;s specificities.\" \/>\n<meta name=\"robots\" content=\"index, follow, max-snippet:-1, max-image-preview:large, max-video-preview:-1\" \/>\n<link rel=\"canonical\" href=\"https:\/\/www.goron.fr\/en\/remote-video-surveillance-operator\/\" \/>\n<meta property=\"og:locale\" content=\"en_US\" \/>\n<meta property=\"og:type\" content=\"article\" \/>\n<meta property=\"og:title\" content=\"Remote video surveillance operator\" \/>\n<meta property=\"og:description\" content=\"Remote video surveillance operator have different missions to ensure a location&#039;s security and safety. Discover this profession&#039;s specificities.\" \/>\n<meta property=\"og:url\" content=\"https:\/\/www.goron.fr\/en\/remote-video-surveillance-operator\/\" \/>\n<meta property=\"og:site_name\" content=\"Goron\" \/>\n<meta property=\"article:modified_time\" content=\"2020-02-17T11:12:37+00:00\" \/>\n<meta name=\"twitter:card\" content=\"summary_large_image\" \/>\n<meta name=\"twitter:label1\" content=\"Est. reading time\" \/>\n\t<meta name=\"twitter:data1\" content=\"1 minute\" \/>\n<script type=\"application\/ld+json\" class=\"yoast-schema-graph\">{\"@context\":\"https:\/\/schema.org\",\"@graph\":[{\"@type\":\"WebPage\",\"@id\":\"https:\/\/www.goron.fr\/en\/remote-video-surveillance-operator\/\",\"url\":\"https:\/\/www.goron.fr\/en\/remote-video-surveillance-operator\/\",\"name\":\"Remote video surveillance operator\",\"isPartOf\":{\"@id\":\"https:\/\/www.goron.fr\/#website\"},\"datePublished\":\"2019-12-20T11:12:23+00:00\",\"dateModified\":\"2020-02-17T11:12:37+00:00\",\"description\":\"Remote video surveillance operator have different missions to ensure a location's security and safety. Discover this profession's specificities.\",\"breadcrumb\":{\"@id\":\"https:\/\/www.goron.fr\/en\/remote-video-surveillance-operator\/#breadcrumb\"},\"inLanguage\":\"en-US\",\"potentialAction\":[{\"@type\":\"ReadAction\",\"target\":[\"https:\/\/www.goron.fr\/en\/remote-video-surveillance-operator\/\"]}]},{\"@type\":\"BreadcrumbList\",\"@id\":\"https:\/\/www.goron.fr\/en\/remote-video-surveillance-operator\/#breadcrumb\",\"itemListElement\":[{\"@type\":\"ListItem\",\"position\":1,\"name\":\"Accueil\",\"item\":\"https:\/\/www.goron.fr\/\"},{\"@type\":\"ListItem\",\"position\":2,\"name\":\"Training and Careers\",\"item\":\"https:\/\/www.goron.fr\/en\/training-and-careers\/\"},{\"@type\":\"ListItem\",\"position\":3,\"name\":\"DISCOVER OUR JOBS\",\"item\":\"https:\/\/www.goron.fr\/en\/training-and-careers\/discover-our-jobs\/\"},{\"@type\":\"ListItem\",\"position\":4,\"name\":\"REMOTE VIDEO SURVEILLANCE OPERATOR\"}]},{\"@type\":\"WebSite\",\"@id\":\"https:\/\/www.goron.fr\/#website\",\"url\":\"https:\/\/www.goron.fr\/\",\"name\":\"Goron\",\"description\":\"S\u00e9curit\u00e9 Priv\u00e9e\",\"potentialAction\":[{\"@type\":\"SearchAction\",\"target\":{\"@type\":\"EntryPoint\",\"urlTemplate\":\"https:\/\/www.goron.fr\/?s={search_term_string}\"},\"query-input\":\"required name=search_term_string\"}],\"inLanguage\":\"en-US\"}]}<\/script>\n<!-- \/ Yoast SEO plugin. -->","yoast_head_json":{"title":"Remote video surveillance operator","description":"Remote video surveillance operator have different missions to ensure a location's security and safety. Discover this profession's specificities.","robots":{"index":"index","follow":"follow","max-snippet":"max-snippet:-1","max-image-preview":"max-image-preview:large","max-video-preview":"max-video-preview:-1"},"canonical":"https:\/\/www.goron.fr\/en\/remote-video-surveillance-operator\/","og_locale":"en_US","og_type":"article","og_title":"Remote video surveillance operator","og_description":"Remote video surveillance operator have different missions to ensure a location's security and safety. Discover this profession's specificities.","og_url":"https:\/\/www.goron.fr\/en\/remote-video-surveillance-operator\/","og_site_name":"Goron","article_modified_time":"2020-02-17T11:12:37+00:00","twitter_card":"summary_large_image","twitter_misc":{"Est. reading time":"1 minute"},"schema":{"@context":"https:\/\/schema.org","@graph":[{"@type":"WebPage","@id":"https:\/\/www.goron.fr\/en\/remote-video-surveillance-operator\/","url":"https:\/\/www.goron.fr\/en\/remote-video-surveillance-operator\/","name":"Remote video surveillance operator","isPartOf":{"@id":"https:\/\/www.goron.fr\/#website"},"datePublished":"2019-12-20T11:12:23+00:00","dateModified":"2020-02-17T11:12:37+00:00","description":"Remote video surveillance operator have different missions to ensure a location's security and safety. Discover this profession's specificities.","breadcrumb":{"@id":"https:\/\/www.goron.fr\/en\/remote-video-surveillance-operator\/#breadcrumb"},"inLanguage":"en-US","potentialAction":[{"@type":"ReadAction","target":["https:\/\/www.goron.fr\/en\/remote-video-surveillance-operator\/"]}]},{"@type":"BreadcrumbList","@id":"https:\/\/www.goron.fr\/en\/remote-video-surveillance-operator\/#breadcrumb","itemListElement":[{"@type":"ListItem","position":1,"name":"Accueil","item":"https:\/\/www.goron.fr\/"},{"@type":"ListItem","position":2,"name":"Training and Careers","item":"https:\/\/www.goron.fr\/en\/training-and-careers\/"},{"@type":"ListItem","position":3,"name":"DISCOVER OUR JOBS","item":"https:\/\/www.goron.fr\/en\/training-and-careers\/discover-our-jobs\/"},{"@type":"ListItem","position":4,"name":"REMOTE VIDEO SURVEILLANCE OPERATOR"}]},{"@type":"WebSite","@id":"https:\/\/www.goron.fr\/#website","url":"https:\/\/www.goron.fr\/","name":"Goron","description":"S\u00e9curit\u00e9 Priv\u00e9e","potentialAction":[{"@type":"SearchAction","target":{"@type":"EntryPoint","urlTemplate":"https:\/\/www.goron.fr\/?s={search_term_string}"},"query-input":"required name=search_term_string"}],"inLanguage":"en-US"}]}},"_links":{"self":[{"href":"https:\/\/www.goron.fr\/en\/wp-json\/wp\/v2\/pages\/11798\/"}],"collection":[{"href":"https:\/\/www.goron.fr\/en\/wp-json\/wp\/v2\/pages\/"}],"about":[{"href":"https:\/\/www.goron.fr\/en\/wp-json\/wp\/v2\/types\/page\/"}],"author":[{"embeddable":true,"href":"https:\/\/www.goron.fr\/en\/wp-json\/wp\/v2\/users\/1\/"}],"replies":[{"embeddable":true,"href":"https:\/\/www.goron.fr\/en\/wp-json\/wp\/v2\/comments\/?post=11798"}],"version-history":[{"count":3,"href":"https:\/\/www.goron.fr\/en\/wp-json\/wp\/v2\/pages\/11798\/revisions\/"}],"predecessor-version":[{"id":12772,"href":"https:\/\/www.goron.fr\/en\/wp-json\/wp\/v2\/pages\/11798\/revisions\/12772\/"}],"up":[{"embeddable":true,"href":"https:\/\/www.goron.fr\/en\/wp-json\/wp\/v2\/pages\/12104\/"}],"wp:attachment":[{"href":"https:\/\/www.goron.fr\/en\/wp-json\/wp\/v2\/media\/?parent=11798"}],"curies":[{"name":"wp","href":"https:\/\/api.w.org\/{rel}","templated":true}]}}