{"id":11783,"date":"2019-12-20T12:08:48","date_gmt":"2019-12-20T11:08:48","guid":{"rendered":"https:\/\/www.goron.fr\/surveillance-officer\/"},"modified":"2020-02-17T12:07:57","modified_gmt":"2020-02-17T11:07:57","slug":"surveillance-officer","status":"publish","type":"page","link":"https:\/\/www.goron.fr\/en\/surveillance-officer\/","title":{"rendered":"SURVEILLANCE OFFICER"},"content":{"rendered":"<p><b>Human surveillance is irreplaceable. Our officers carry out their duties in different locations (companies, administrations, museums, etc.) to prevent risks of malicious acts, theft, intelligence gathering, fire or technical risks.<br \/>\n<\/b><span style=\"font-weight: 400;\">The surveillance sector comprises different levels of qualifications, ranging from the beginner officer to the very experienced manager. Different professions are carried out depending on the specialities implemented (surveillance agent, cynophilist agent, screening and control agent, theft prevention agent, etc).<\/span><\/p>\n<h2><b>Missions*<\/b><\/h2>\n<ul>\n<li><span style=\"font-weight: 400;\">Reception and access control<\/span><\/li>\n<li><span style=\"font-weight: 400;\">Surveillance and security patrols<\/span><\/li>\n<li><span style=\"font-weight: 400;\">Video surveillance<\/span><\/li>\n<li><span style=\"font-weight: 400;\">Compliance and enforcement of safety instructions<\/span><\/li>\n<li><span style=\"font-weight: 400;\">Updating the incident logbook and other security documents<\/span><\/li>\n<li><span style=\"font-weight: 400;\">Writing reports of events or activities<\/span><\/li>\n<li><span style=\"font-weight: 400;\">Functional check of security devices and technical equipment<\/span><\/li>\n<li><span style=\"font-weight: 400;\">Alarm management and handling (intrusion, fire, technical)<\/span><\/li>\n<li><span style=\"font-weight: 400;\">Alert and guidance of intervention teams<\/span><\/li>\n<li><span style=\"font-weight: 400;\">Security telephone permanence<\/span><\/li>\n<\/ul>\n<p><em><span style=\"font-weight: 400;\">(*Non-exhaustive list)<\/span><\/em><\/p>\n<h2><b>Training and qualifications<\/b><\/h2>\n<p><span style=\"font-weight: 400;\">The minimum training required is the French CQP for surveillance officer and after that, each level of qualification requires different general or specific training courses, offered by our specialised centre.<\/span><\/p>\n","protected":false},"excerpt":{"rendered":"<p>Human surveillance is irreplaceable. Our officers carry out their duties in different locations (companies, administrations, museums, etc.) to prevent risks of malicious acts, theft, intelligence gathering, fire or technical risks. The surveillance sector comprises different levels of qualifications, ranging from the beginner officer to the very experienced manager. Different professions are carried out depending on<a href=\"https:\/\/www.goron.fr\/en\/surveillance-officer\/\"><i class=\"chevron right icon\"><\/i><\/a><\/p>\n","protected":false},"author":1,"featured_media":0,"parent":12104,"menu_order":50,"comment_status":"closed","ping_status":"closed","template":"","meta":{"_acf_changed":false,"footnotes":""},"acf":[],"yoast_head":"<!-- This site is optimized with the Yoast SEO plugin v19.13 - https:\/\/yoast.com\/wordpress\/plugins\/seo\/ -->\n<title>Surveillance officer - Goron S.A.S.<\/title>\n<meta name=\"description\" content=\"Human surveillance is irreplaceable. Discover a Goron surveillance officer&#039;s missions and the specificities of their profession.\" \/>\n<meta name=\"robots\" content=\"index, follow, max-snippet:-1, max-image-preview:large, max-video-preview:-1\" \/>\n<link rel=\"canonical\" href=\"https:\/\/www.goron.fr\/en\/surveillance-officer\/\" \/>\n<meta property=\"og:locale\" content=\"en_US\" \/>\n<meta property=\"og:type\" content=\"article\" \/>\n<meta property=\"og:title\" content=\"Surveillance officer - Goron S.A.S.\" \/>\n<meta property=\"og:description\" content=\"Human surveillance is irreplaceable. Discover a Goron surveillance officer&#039;s missions and the specificities of their profession.\" \/>\n<meta property=\"og:url\" content=\"https:\/\/www.goron.fr\/en\/surveillance-officer\/\" \/>\n<meta property=\"og:site_name\" content=\"Goron\" \/>\n<meta property=\"article:modified_time\" content=\"2020-02-17T11:07:57+00:00\" \/>\n<meta name=\"twitter:card\" content=\"summary_large_image\" \/>\n<meta name=\"twitter:label1\" content=\"Est. reading time\" \/>\n\t<meta name=\"twitter:data1\" content=\"1 minute\" \/>\n<script type=\"application\/ld+json\" class=\"yoast-schema-graph\">{\"@context\":\"https:\/\/schema.org\",\"@graph\":[{\"@type\":\"WebPage\",\"@id\":\"https:\/\/www.goron.fr\/en\/surveillance-officer\/\",\"url\":\"https:\/\/www.goron.fr\/en\/surveillance-officer\/\",\"name\":\"Surveillance officer - Goron S.A.S.\",\"isPartOf\":{\"@id\":\"https:\/\/www.goron.fr\/#website\"},\"datePublished\":\"2019-12-20T11:08:48+00:00\",\"dateModified\":\"2020-02-17T11:07:57+00:00\",\"description\":\"Human surveillance is irreplaceable. Discover a Goron surveillance officer's missions and the specificities of their profession.\",\"breadcrumb\":{\"@id\":\"https:\/\/www.goron.fr\/en\/surveillance-officer\/#breadcrumb\"},\"inLanguage\":\"en-US\",\"potentialAction\":[{\"@type\":\"ReadAction\",\"target\":[\"https:\/\/www.goron.fr\/en\/surveillance-officer\/\"]}]},{\"@type\":\"BreadcrumbList\",\"@id\":\"https:\/\/www.goron.fr\/en\/surveillance-officer\/#breadcrumb\",\"itemListElement\":[{\"@type\":\"ListItem\",\"position\":1,\"name\":\"Accueil\",\"item\":\"https:\/\/www.goron.fr\/\"},{\"@type\":\"ListItem\",\"position\":2,\"name\":\"Training and Careers\",\"item\":\"https:\/\/www.goron.fr\/en\/training-and-careers\/\"},{\"@type\":\"ListItem\",\"position\":3,\"name\":\"DISCOVER OUR JOBS\",\"item\":\"https:\/\/www.goron.fr\/en\/training-and-careers\/discover-our-jobs\/\"},{\"@type\":\"ListItem\",\"position\":4,\"name\":\"SURVEILLANCE OFFICER\"}]},{\"@type\":\"WebSite\",\"@id\":\"https:\/\/www.goron.fr\/#website\",\"url\":\"https:\/\/www.goron.fr\/\",\"name\":\"Goron\",\"description\":\"S\u00e9curit\u00e9 Priv\u00e9e\",\"potentialAction\":[{\"@type\":\"SearchAction\",\"target\":{\"@type\":\"EntryPoint\",\"urlTemplate\":\"https:\/\/www.goron.fr\/?s={search_term_string}\"},\"query-input\":\"required name=search_term_string\"}],\"inLanguage\":\"en-US\"}]}<\/script>\n<!-- \/ Yoast SEO plugin. -->","yoast_head_json":{"title":"Surveillance officer - Goron S.A.S.","description":"Human surveillance is irreplaceable. Discover a Goron surveillance officer's missions and the specificities of their profession.","robots":{"index":"index","follow":"follow","max-snippet":"max-snippet:-1","max-image-preview":"max-image-preview:large","max-video-preview":"max-video-preview:-1"},"canonical":"https:\/\/www.goron.fr\/en\/surveillance-officer\/","og_locale":"en_US","og_type":"article","og_title":"Surveillance officer - Goron S.A.S.","og_description":"Human surveillance is irreplaceable. Discover a Goron surveillance officer's missions and the specificities of their profession.","og_url":"https:\/\/www.goron.fr\/en\/surveillance-officer\/","og_site_name":"Goron","article_modified_time":"2020-02-17T11:07:57+00:00","twitter_card":"summary_large_image","twitter_misc":{"Est. reading time":"1 minute"},"schema":{"@context":"https:\/\/schema.org","@graph":[{"@type":"WebPage","@id":"https:\/\/www.goron.fr\/en\/surveillance-officer\/","url":"https:\/\/www.goron.fr\/en\/surveillance-officer\/","name":"Surveillance officer - Goron S.A.S.","isPartOf":{"@id":"https:\/\/www.goron.fr\/#website"},"datePublished":"2019-12-20T11:08:48+00:00","dateModified":"2020-02-17T11:07:57+00:00","description":"Human surveillance is irreplaceable. Discover a Goron surveillance officer's missions and the specificities of their profession.","breadcrumb":{"@id":"https:\/\/www.goron.fr\/en\/surveillance-officer\/#breadcrumb"},"inLanguage":"en-US","potentialAction":[{"@type":"ReadAction","target":["https:\/\/www.goron.fr\/en\/surveillance-officer\/"]}]},{"@type":"BreadcrumbList","@id":"https:\/\/www.goron.fr\/en\/surveillance-officer\/#breadcrumb","itemListElement":[{"@type":"ListItem","position":1,"name":"Accueil","item":"https:\/\/www.goron.fr\/"},{"@type":"ListItem","position":2,"name":"Training and Careers","item":"https:\/\/www.goron.fr\/en\/training-and-careers\/"},{"@type":"ListItem","position":3,"name":"DISCOVER OUR JOBS","item":"https:\/\/www.goron.fr\/en\/training-and-careers\/discover-our-jobs\/"},{"@type":"ListItem","position":4,"name":"SURVEILLANCE OFFICER"}]},{"@type":"WebSite","@id":"https:\/\/www.goron.fr\/#website","url":"https:\/\/www.goron.fr\/","name":"Goron","description":"S\u00e9curit\u00e9 Priv\u00e9e","potentialAction":[{"@type":"SearchAction","target":{"@type":"EntryPoint","urlTemplate":"https:\/\/www.goron.fr\/?s={search_term_string}"},"query-input":"required name=search_term_string"}],"inLanguage":"en-US"}]}},"_links":{"self":[{"href":"https:\/\/www.goron.fr\/en\/wp-json\/wp\/v2\/pages\/11783\/"}],"collection":[{"href":"https:\/\/www.goron.fr\/en\/wp-json\/wp\/v2\/pages\/"}],"about":[{"href":"https:\/\/www.goron.fr\/en\/wp-json\/wp\/v2\/types\/page\/"}],"author":[{"embeddable":true,"href":"https:\/\/www.goron.fr\/en\/wp-json\/wp\/v2\/users\/1\/"}],"replies":[{"embeddable":true,"href":"https:\/\/www.goron.fr\/en\/wp-json\/wp\/v2\/comments\/?post=11783"}],"version-history":[{"count":3,"href":"https:\/\/www.goron.fr\/en\/wp-json\/wp\/v2\/pages\/11783\/revisions\/"}],"predecessor-version":[{"id":12768,"href":"https:\/\/www.goron.fr\/en\/wp-json\/wp\/v2\/pages\/11783\/revisions\/12768\/"}],"up":[{"embeddable":true,"href":"https:\/\/www.goron.fr\/en\/wp-json\/wp\/v2\/pages\/12104\/"}],"wp:attachment":[{"href":"https:\/\/www.goron.fr\/en\/wp-json\/wp\/v2\/media\/?parent=11783"}],"curies":[{"name":"wp","href":"https:\/\/api.w.org\/{rel}","templated":true}]}}