{"id":10363,"date":"2020-02-14T16:48:34","date_gmt":"2020-02-14T15:48:34","guid":{"rendered":"https:\/\/www.goron.fr\/?page_id=10363"},"modified":"2021-10-26T15:19:38","modified_gmt":"2021-10-26T13:19:38","slug":"press-contact","status":"publish","type":"page","link":"https:\/\/www.goron.fr\/en\/press-contact\/","title":{"rendered":"PRESS CONTACT"},"content":{"rendered":"<div class=\"page-intro\">\n<p class=\"ingress\" style=\"text-align: left;\">For any information or interviews regarding GORON or the <a href=\"https:\/\/rendre-notre-monde-plus-sur.goron.fr\" target=\"_blank\" rel=\"noopener noreferrer\">Rendre Notre Monde + S\u00fbr website<\/a>, please contact our head of communication and marketing.<\/p>\n<p><strong>Contact :\u00a0<\/strong><\/p>\n<p>Mrs. Carole CAUVIN<br \/>\nHead of Marketing &amp; Communication<br \/>\ne-mail : c.cauvin@goron.fr<br \/>\nphone number : (+33) 6 64 02 67 77 | (+33) 1 41 11 86 03<\/p>\n<p><em>GORON \u2013 1 rue d\u2019Anjou, 92600, ASNIERES SUR SEINE, France<\/em><\/p>\n<\/div>\n<div class=\"column-main\">\n<div class=\"row \">\n<p>To know more about GORON, feel free to download our press kit.<\/p>\n<\/div>\n<\/div>\n","protected":false},"excerpt":{"rendered":"<p>For any information or interviews regarding GORON or the Rendre Notre Monde + S\u00fbr website, please contact our head of communication and marketing. Contact :\u00a0 Mrs. Carole CAUVIN Head of Marketing &amp; Communication e-mail : c.cauvin@goron.fr phone number : (+33) 6 64 02 67 77 | (+33) 1 41 11 86 03 GORON \u2013 1<a href=\"https:\/\/www.goron.fr\/en\/press-contact\/\"><i class=\"chevron right icon\"><\/i><\/a><\/p>\n","protected":false},"author":2,"featured_media":10365,"parent":0,"menu_order":37,"comment_status":"closed","ping_status":"closed","template":"","meta":{"_acf_changed":false,"footnotes":""},"acf":[],"yoast_head":"<!-- This site is optimized with the Yoast SEO plugin v19.13 - https:\/\/yoast.com\/wordpress\/plugins\/seo\/ -->\n<title>Press Contact - Goron<\/title>\n<meta name=\"description\" content=\"For any information or interviews regarding GORON or the Rendre Notre Monde + S\u00fbr website, please contact our head of communication and marketing.\u00a0\" \/>\n<meta name=\"robots\" content=\"index, follow, max-snippet:-1, max-image-preview:large, max-video-preview:-1\" \/>\n<link rel=\"canonical\" href=\"https:\/\/www.goron.fr\/en\/press-contact\/\" \/>\n<meta property=\"og:locale\" content=\"en_US\" \/>\n<meta property=\"og:type\" content=\"article\" \/>\n<meta property=\"og:title\" content=\"Press Contact - Goron\" \/>\n<meta property=\"og:description\" content=\"For any information or interviews regarding GORON or the Rendre Notre Monde + S\u00fbr website, please contact our head of communication and marketing.\u00a0\" \/>\n<meta property=\"og:url\" content=\"https:\/\/www.goron.fr\/en\/press-contact\/\" \/>\n<meta property=\"og:site_name\" content=\"Goron\" \/>\n<meta property=\"article:modified_time\" content=\"2021-10-26T13:19:38+00:00\" \/>\n<meta property=\"og:image\" content=\"https:\/\/www.goron.fr\/wp-content\/uploads\/2018\/03\/48.jpg\" \/>\n\t<meta property=\"og:image:width\" content=\"1500\" \/>\n\t<meta property=\"og:image:height\" content=\"300\" \/>\n\t<meta property=\"og:image:type\" content=\"image\/jpeg\" \/>\n<meta name=\"twitter:card\" content=\"summary_large_image\" \/>\n<script type=\"application\/ld+json\" class=\"yoast-schema-graph\">{\"@context\":\"https:\/\/schema.org\",\"@graph\":[{\"@type\":\"WebPage\",\"@id\":\"https:\/\/www.goron.fr\/en\/press-contact\/\",\"url\":\"https:\/\/www.goron.fr\/en\/press-contact\/\",\"name\":\"Press Contact - Goron\",\"isPartOf\":{\"@id\":\"https:\/\/www.goron.fr\/#website\"},\"datePublished\":\"2020-02-14T15:48:34+00:00\",\"dateModified\":\"2021-10-26T13:19:38+00:00\",\"description\":\"For any information or interviews regarding GORON or the Rendre Notre Monde + S\u00fbr website, please contact our head of communication and marketing.\u00a0\",\"breadcrumb\":{\"@id\":\"https:\/\/www.goron.fr\/en\/press-contact\/#breadcrumb\"},\"inLanguage\":\"en-US\",\"potentialAction\":[{\"@type\":\"ReadAction\",\"target\":[\"https:\/\/www.goron.fr\/en\/press-contact\/\"]}]},{\"@type\":\"BreadcrumbList\",\"@id\":\"https:\/\/www.goron.fr\/en\/press-contact\/#breadcrumb\",\"itemListElement\":[{\"@type\":\"ListItem\",\"position\":1,\"name\":\"Accueil\",\"item\":\"https:\/\/www.goron.fr\/\"},{\"@type\":\"ListItem\",\"position\":2,\"name\":\"PRESS CONTACT\"}]},{\"@type\":\"WebSite\",\"@id\":\"https:\/\/www.goron.fr\/#website\",\"url\":\"https:\/\/www.goron.fr\/\",\"name\":\"Goron\",\"description\":\"S\u00e9curit\u00e9 Priv\u00e9e\",\"potentialAction\":[{\"@type\":\"SearchAction\",\"target\":{\"@type\":\"EntryPoint\",\"urlTemplate\":\"https:\/\/www.goron.fr\/?s={search_term_string}\"},\"query-input\":\"required name=search_term_string\"}],\"inLanguage\":\"en-US\"}]}<\/script>\n<!-- \/ Yoast SEO plugin. -->","yoast_head_json":{"title":"Press Contact - Goron","description":"For any information or interviews regarding GORON or the Rendre Notre Monde + S\u00fbr website, please contact our head of communication and marketing.\u00a0","robots":{"index":"index","follow":"follow","max-snippet":"max-snippet:-1","max-image-preview":"max-image-preview:large","max-video-preview":"max-video-preview:-1"},"canonical":"https:\/\/www.goron.fr\/en\/press-contact\/","og_locale":"en_US","og_type":"article","og_title":"Press Contact - Goron","og_description":"For any information or interviews regarding GORON or the Rendre Notre Monde + S\u00fbr website, please contact our head of communication and marketing.\u00a0","og_url":"https:\/\/www.goron.fr\/en\/press-contact\/","og_site_name":"Goron","article_modified_time":"2021-10-26T13:19:38+00:00","og_image":[{"width":1500,"height":300,"url":"https:\/\/www.goron.fr\/wp-content\/uploads\/2018\/03\/48.jpg","type":"image\/jpeg"}],"twitter_card":"summary_large_image","schema":{"@context":"https:\/\/schema.org","@graph":[{"@type":"WebPage","@id":"https:\/\/www.goron.fr\/en\/press-contact\/","url":"https:\/\/www.goron.fr\/en\/press-contact\/","name":"Press Contact - Goron","isPartOf":{"@id":"https:\/\/www.goron.fr\/#website"},"datePublished":"2020-02-14T15:48:34+00:00","dateModified":"2021-10-26T13:19:38+00:00","description":"For any information or interviews regarding GORON or the Rendre Notre Monde + S\u00fbr website, please contact our head of communication and marketing.\u00a0","breadcrumb":{"@id":"https:\/\/www.goron.fr\/en\/press-contact\/#breadcrumb"},"inLanguage":"en-US","potentialAction":[{"@type":"ReadAction","target":["https:\/\/www.goron.fr\/en\/press-contact\/"]}]},{"@type":"BreadcrumbList","@id":"https:\/\/www.goron.fr\/en\/press-contact\/#breadcrumb","itemListElement":[{"@type":"ListItem","position":1,"name":"Accueil","item":"https:\/\/www.goron.fr\/"},{"@type":"ListItem","position":2,"name":"PRESS CONTACT"}]},{"@type":"WebSite","@id":"https:\/\/www.goron.fr\/#website","url":"https:\/\/www.goron.fr\/","name":"Goron","description":"S\u00e9curit\u00e9 Priv\u00e9e","potentialAction":[{"@type":"SearchAction","target":{"@type":"EntryPoint","urlTemplate":"https:\/\/www.goron.fr\/?s={search_term_string}"},"query-input":"required name=search_term_string"}],"inLanguage":"en-US"}]}},"_links":{"self":[{"href":"https:\/\/www.goron.fr\/en\/wp-json\/wp\/v2\/pages\/10363\/"}],"collection":[{"href":"https:\/\/www.goron.fr\/en\/wp-json\/wp\/v2\/pages\/"}],"about":[{"href":"https:\/\/www.goron.fr\/en\/wp-json\/wp\/v2\/types\/page\/"}],"author":[{"embeddable":true,"href":"https:\/\/www.goron.fr\/en\/wp-json\/wp\/v2\/users\/2\/"}],"replies":[{"embeddable":true,"href":"https:\/\/www.goron.fr\/en\/wp-json\/wp\/v2\/comments\/?post=10363"}],"version-history":[{"count":3,"href":"https:\/\/www.goron.fr\/en\/wp-json\/wp\/v2\/pages\/10363\/revisions\/"}],"predecessor-version":[{"id":16068,"href":"https:\/\/www.goron.fr\/en\/wp-json\/wp\/v2\/pages\/10363\/revisions\/16068\/"}],"wp:featuredmedia":[{"embeddable":true,"href":"https:\/\/www.goron.fr\/en\/wp-json\/wp\/v2\/media\/10365\/"}],"wp:attachment":[{"href":"https:\/\/www.goron.fr\/en\/wp-json\/wp\/v2\/media\/?parent=10363"}],"curies":[{"name":"wp","href":"https:\/\/api.w.org\/{rel}","templated":true}]}}