{"id":10225,"date":"2019-04-05T19:10:20","date_gmt":"2019-04-05T17:10:20","guid":{"rendered":"https:\/\/www.goron.fr\/%d8%a7%d9%84%d8%ad%d9%85%d8%a7%d9%8a%d8%a9-%d8%a7%d9%84%d8%b4%d8%ae%d8%b5%d9%8a%d8%a9\/"},"modified":"2021-10-26T15:19:38","modified_gmt":"2021-10-26T13:19:38","slug":"%d8%a7%d9%84%d8%ad%d9%85%d8%a7%d9%8a%d8%a9-%d8%a7%d9%84%d8%b4%d8%ae%d8%b5%d9%8a%d8%a9","status":"publish","type":"page","link":"https:\/\/www.goron.fr\/ar\/%D8%A7%D9%84%D8%AD%D9%85%D8%A7%D9%8A%D8%A9-%D8%A7%D9%84%D8%B4%D8%AE%D8%B5%D9%8A%D8%A9\/","title":{"rendered":"\u0627\u0644\u062d\u0645\u0627\u064a\u0629 \u0627\u0644\u0634\u062e\u0635\u064a\u0629"},"content":{"rendered":"<p><strong>\u0645\u0647\u0627\u0645\u0646\u0627 \u0644\u0627\u062a\u0642\u062a\u0635\u0631\u0639\u0644\u0649 \u062a\u0627\u0645\u064a\u0646 \u0627\u0644\u0645\u0645\u062a\u0644\u0643\u0627\u062a \u0641\u0642\u0637 \u0641\u0627\u0645\u0646 \u062e\u0644\u0627\u0644 \u0641\u0631\u0639\u0646\u0627 \u0627\u0644\u0645\u062e\u0635\u0635 <\/strong><br \/>\n<strong>\u064a\u0636\u0645\u0646 \u0627\u0644\u062d\u0645\u0627\u064a\u0629 \u2018\u2019 GORON SERVICES DE PROTECTION\u2019\u2019 \u062d\u0635\u0631\u064a\u0627 <\/strong><br \/>\n<strong>\u0648\u0627\u0644\u0633\u0644\u0627\u0645\u0629 \u0627\u0644\u062c\u0633\u062f\u064a\u0629 \u0644\u0644\u0623\u0634\u062e\u0627\u0635<\/strong><\/p>\n<p>\u062a\u0648\u0641\u0631 \u2018\u2019 GORON-SP\u2019\u2019 \u0641\u064a \u0625\u0637\u0627\u0631 \u0627\u0644\u062a\u0634\u0631\u064a\u0639\u064a \u0627\u0644\u0645\u0639\u0645\u0648\u0644 \u0628\u0647 \u0641\u0627\u0646 \u0634\u0631\u0643\u0629<br \/>\n\u0627\u0644\u062d\u0645\u0627\u064a\u0629 \u0627\u0644\u062c\u0633\u062f\u064a\u0629 \u0644\u0644\u0623\u0634\u062e\u0627\u0635 \u0639\u0628\u0631 \u0623\u062e\u0635\u0627\u0626\u064a\u064a\u0646 \u0631\u062c\u0627\u0644 \u0648\u0646\u0633\u0627\u0621 \u062a\u062d\u0635\u0644\u0648\u0627<br \/>\n\u0639\u0644\u0649 \u062a\u0643\u0648\u064a\u0646 \u0639\u0627\u0644\u064a \u0641\u064a \u0627\u0644\u0645\u0624\u0633\u0633\u0627\u062a \u0641\u0631\u0646\u0633\u064a\u0629 \u0623\u0648 \u0623\u0648\u0631\u0648\u0628\u064a\u0629 (\u0634\u0631\u0637\u0629-\u062f\u0631\u0643 \u0623\u0648 \u0627\u0644\u062c\u064a\u0634)<br \/>\n\u0645\u0647\u0645\u0627 \u0643\u0627\u0646\u062a \u062d\u0633\u0627\u0633\u064a\u0629 \u0627\u0644\u0634\u062e\u0635 \u0648\u0645\u0633\u062a\u0648\u0649 \u0627\u0644\u062d\u0645\u0627\u064a\u0629 \u0627\u0644\u0645\u0637\u0644\u0648\u0628\u0629 \u0625\u0646 \u0623\u0641\u0631\u0627\u062f \u0645\u0624\u0633\u0633\u062a\u0646\u0627 \u0642\u0627\u062f\u0631\u0648\u0646 \u0639\u0644\u0649 \u0627\u0644\u062a\u0623\u0642\u0644\u0645 \u0645\u0639 \u0643\u0644 \u0627\u0644\u062d\u0627\u0644\u0627\u062a \u0641\u0627\u0644\u0645\u0633\u062a\u0648\u0649 \u0627\u0644\u0639\u0627\u0644\u064a \u0644\u0644\u0623\u0641\u0631\u0627\u062f \u064a\u0648\u0641\u0631 \u0627\u0644\u062d\u0645\u0627\u064a\u0629 \u0627\u0644\u0644\u0627\u0626\u0642\u0629 \u0648\u0627\u0644\u0645\u0637\u0644\u0648\u0628\u0629.<br \/>\n\u064a\u0645\u0643\u0646 \u0623\u0646 \u064a\u0636\u0639 \u0643\u0644 \u0627\u0644\u0648\u0633\u0627\u0626\u0644 \u0627\u0644\u0645\u0627\u062f\u064a\u0629 \u0623\u0648 \u0627\u0644\u0628\u0634\u0631\u064a\u0629\u2018\u2019 GORON-SP\u2019\u2019 \u0641\u0631\u0639<br \/>\n\u0627\u0644\u0636\u0631\u0648\u0631\u064a\u0629 \u0645\u0646 \u0627\u062c\u0644 \u062d\u0645\u0627\u064a\u0629 \u0627\u0644\u0623\u0634\u062e\u0627\u0635 \u0641\u064a \u0641\u0631\u0627\u0646\u0633\u0627 \u0623\u0648 \u062e\u0627\u0631\u062c\u0647\u0627 \u0645\u0646 \u0627\u062c\u0644 \u0628\u0644\u0648\u063a \u0627\u0644\u0623\u0647\u062f\u0627\u0641 \u0641\u064a \u0625\u0637\u0627\u0631 \u0627\u0644\u0644\u0642\u0646\u0648\u0646.<br \/>\n\u062d\u0633\u0628 \u0627\u0644\u062a\u0647\u062f\u064a\u062f\u0627\u062a \u0627\u0644\u0645\u0641\u062a\u0631\u0636\u0629 \u0628\u0625\u0645\u0643\u0627\u0646 \u0625\u062d\u0635\u0627\u0626\u064a\u064a\u0646 \u0623\u0646 \u064a\u0642\u062a\u0631\u062d\u0648\u0627 \u0639\u0644\u064a\u0643\u0645 \u0627\u0644\u0646\u0638\u0627\u0645 \u0627\u0644\u062a\u0642\u0646\u0646\u064a \u0648\u0627\u0644\u0628\u0634\u0631\u064a \u0627\u0644\u0627\u0632\u0645 \u0644\u0644\u062d\u0627\u0644\u0629.<br \/>\n\u0623\u0646 \u062a\u0648\u0641\u0631 \u0644\u0643\u0645. \u2018\u2019GORON-SP\u2019\u2019\u0628\u0625\u0645\u0643\u0627\u0646<br \/>\n\u062d\u0645\u0627\u064a\u0629 \u0627\u0644\u0623\u0634\u062e\u0627\u0635 &#8211;<br \/>\n\u062a\u0648\u0641\u064a\u0631 \u0627\u062f\u0639\u0645 \u0648\u0627\u0644\u0645\u0633\u0627\u0646\u062f\u0629 \u0627\u0644\u0644\u0627\u0632\u0645\u0629 \u0641\u064a \u0641\u0631\u0627\u0646\u0633\u0629 \u0648\u062d\u0627\u0631 \u062c\u0647\u0629 &#8211;<br \/>\n\u062a\u0642\u064a\u064a\u0645 \u0645\u0633\u062a\u0648\u0649 \u0627\u0644\u062a\u0647\u062f\u064a\u062f &#8211;<br \/>\n\u062f\u0631\u0627\u0633\u0629 \u0627\u0644\u0645\u062d\u064a\u0637 &#8211;<br \/>\n\u0643\u0644\u0627\u0628 \u2018\u2019 \u062d\u064a\u0648\u0627\u0646\u064a\u0629-\u0627\u0644\u0643\u062a\u0631\u0648\u0646\u064a\u0643\u064a\u0629,\u0645\u0627\u062f\u064a\u0629,\u0627\u0633\u062a\u0639\u0645\u0627\u0644 \u0643\u0644 \u0648\u0633\u0627\u0626\u0644 \u0627\u0644\u062d\u0645\u0627\u064a\u0629 \u0628\u0634\u0631\u064a\u0629-<br \/>\n\u0645\u062f\u0631\u0628\u0629&#8221;\u064a\u0645\u0643\u0646 \u0648\u0636\u0639 \u062a\u062d\u062a \u062a\u0635\u0631\u0641\u0643\u0645 \u0648\u0633\u0627\u0626\u0644 \u0628\u0631\u064a\u0629 \u0628\u062d\u0631\u064a\u0629 \u0648\u062c\u0648\u064a\u0629 &#8211;<br \/>\n\u0646\u0636\u0631\u0627 \u0644\u062d\u0633\u0627\u0633\u064a\u0629 \u0647\u062f\u0647 \u0627\u0644\u0645\u0647\u0645\u0629 \u0643\u0644 \u0645\u0648\u0638\u0641\u064a\u0646\u0627 \u0648\u0623\u0639\u0648\u0627\u0646\u0646\u0627 \u0645\u0644\u062a\u0632\u0645\u064a\u0646 \u0628\u0627\u062d\u062a\u0631\u0627\u0645 \u0644\u0645\u0647\u0645\u0629 \u0628\u062f\u0648\u0646 \u0623\u064a \u0641\u0631\u0627\u063a \u0648\u0641\u064a \u0633\u0631\u064a\u0629 \u062a\u0627\u0645\u0629.<\/p>\n<p style=\"text-align: left;\">\n<p>&nbsp;<\/p>\n","protected":false},"excerpt":{"rendered":"<p>\u0645\u0647\u0627\u0645\u0646\u0627 \u0644\u0627\u062a\u0642\u062a\u0635\u0631\u0639\u0644\u0649 \u062a\u0627\u0645\u064a\u0646 \u0627\u0644\u0645\u0645\u062a\u0644\u0643\u0627\u062a \u0641\u0642\u0637 \u0641\u0627\u0645\u0646 \u062e\u0644\u0627\u0644 \u0641\u0631\u0639\u0646\u0627 \u0627\u0644\u0645\u062e\u0635\u0635 \u064a\u0636\u0645\u0646 \u0627\u0644\u062d\u0645\u0627\u064a\u0629 \u2018\u2019 GORON SERVICES DE PROTECTION\u2019\u2019 \u062d\u0635\u0631\u064a\u0627 \u0648\u0627\u0644\u0633\u0644\u0627\u0645\u0629 \u0627\u0644\u062c\u0633\u062f\u064a\u0629 \u0644\u0644\u0623\u0634\u062e\u0627\u0635 \u062a\u0648\u0641\u0631 \u2018\u2019 GORON-SP\u2019\u2019 \u0641\u064a \u0625\u0637\u0627\u0631 \u0627\u0644\u062a\u0634\u0631\u064a\u0639\u064a \u0627\u0644\u0645\u0639\u0645\u0648\u0644 \u0628\u0647 \u0641\u0627\u0646 \u0634\u0631\u0643\u0629 \u0627\u0644\u062d\u0645\u0627\u064a\u0629 \u0627\u0644\u062c\u0633\u062f\u064a\u0629 \u0644\u0644\u0623\u0634\u062e\u0627\u0635 \u0639\u0628\u0631 \u0623\u062e\u0635\u0627\u0626\u064a\u064a\u0646 \u0631\u062c\u0627\u0644 \u0648\u0646\u0633\u0627\u0621 \u062a\u062d\u0635\u0644\u0648\u0627 \u0639\u0644\u0649 \u062a\u0643\u0648\u064a\u0646 \u0639\u0627\u0644\u064a \u0641\u064a \u0627\u0644\u0645\u0624\u0633\u0633\u0627\u062a \u0641\u0631\u0646\u0633\u064a\u0629 \u0623\u0648 \u0623\u0648\u0631\u0648\u0628\u064a\u0629 (\u0634\u0631\u0637\u0629-\u062f\u0631\u0643 \u0623\u0648 \u0627\u0644\u062c\u064a\u0634) \u0645\u0647\u0645\u0627 \u0643\u0627\u0646\u062a \u062d\u0633\u0627\u0633\u064a\u0629 \u0627\u0644\u0634\u062e\u0635 \u0648\u0645\u0633\u062a\u0648\u0649 \u0627\u0644\u062d\u0645\u0627\u064a\u0629<a href=\"https:\/\/www.goron.fr\/ar\/%D8%A7%D9%84%D8%AD%D9%85%D8%A7%D9%8A%D8%A9-%D8%A7%D9%84%D8%B4%D8%AE%D8%B5%D9%8A%D8%A9\/\"><i class=\"chevron right icon\"><\/i><\/a><\/p>\n","protected":false},"author":1,"featured_media":10227,"parent":0,"menu_order":125,"comment_status":"closed","ping_status":"closed","template":"","meta":{"_acf_changed":false,"footnotes":""},"acf":[],"yoast_head":"<!-- This site is optimized with the Yoast SEO plugin v19.13 - https:\/\/yoast.com\/wordpress\/plugins\/seo\/ -->\n<title>\u0627\u0644\u062d\u0645\u0627\u064a\u0629 \u0627\u0644\u0634\u062e\u0635\u064a\u0629 - GORON S.A<\/title>\n<meta name=\"description\" content=\"\u0645\u0647\u0627\u0645\u0646\u0627 \u0644\u0627\u062a\u0642\u062a\u0635\u0631\u0639\u0644\u0649 \u062a\u0627\u0645\u064a\u0646 \u0627\u0644\u0645\u0645\u062a\u0644\u0643\u0627\u062a \u0641\u0642\u0637 \u0641\u0627\u0645\u0646 \u062e\u0644\u0627\u0644 \u0641\u0631\u0639\u0646\u0627 \u0627\u0644\u0645\u062e\u0635\u0635 \u064a\u0636\u0645\u0646 \u0627\u0644\u062d\u0645\u0627\u064a\u0629 \u2018\u2019 GORON SERVICES DE PROTECTION\u2019\u2019 \u062d\u0635\u0631\u064a\u0627 \u0648\u0627\u0644\u0633\u0644\u0627\u0645\u0629 \u0627\u0644\u062c\u0633\u062f\u064a\u0629 \u0644\u0644\u0623\u0634\u062e\u0627\u0635\" \/>\n<meta name=\"robots\" content=\"index, follow, max-snippet:-1, max-image-preview:large, max-video-preview:-1\" \/>\n<link rel=\"canonical\" href=\"https:\/\/www.goron.fr\/ar\/\u0627\u0644\u062d\u0645\u0627\u064a\u0629-\u0627\u0644\u0634\u062e\u0635\u064a\u0629\/\" \/>\n<meta property=\"og:locale\" content=\"ar_AR\" \/>\n<meta property=\"og:type\" content=\"article\" \/>\n<meta property=\"og:title\" content=\"\u0627\u0644\u062d\u0645\u0627\u064a\u0629 \u0627\u0644\u0634\u062e\u0635\u064a\u0629 - GORON S.A\" \/>\n<meta property=\"og:description\" content=\"\u0645\u0647\u0627\u0645\u0646\u0627 \u0644\u0627\u062a\u0642\u062a\u0635\u0631\u0639\u0644\u0649 \u062a\u0627\u0645\u064a\u0646 \u0627\u0644\u0645\u0645\u062a\u0644\u0643\u0627\u062a \u0641\u0642\u0637 \u0641\u0627\u0645\u0646 \u062e\u0644\u0627\u0644 \u0641\u0631\u0639\u0646\u0627 \u0627\u0644\u0645\u062e\u0635\u0635 \u064a\u0636\u0645\u0646 \u0627\u0644\u062d\u0645\u0627\u064a\u0629 \u2018\u2019 GORON SERVICES DE PROTECTION\u2019\u2019 \u062d\u0635\u0631\u064a\u0627 \u0648\u0627\u0644\u0633\u0644\u0627\u0645\u0629 \u0627\u0644\u062c\u0633\u062f\u064a\u0629 \u0644\u0644\u0623\u0634\u062e\u0627\u0635\" \/>\n<meta property=\"og:url\" content=\"https:\/\/www.goron.fr\/ar\/\u0627\u0644\u062d\u0645\u0627\u064a\u0629-\u0627\u0644\u0634\u062e\u0635\u064a\u0629\/\" \/>\n<meta property=\"og:site_name\" content=\"Goron\" \/>\n<meta property=\"article:modified_time\" content=\"2021-10-26T13:19:38+00:00\" \/>\n<meta property=\"og:image\" content=\"https:\/\/www.goron.fr\/wp-content\/uploads\/2017\/03\/63.jpg\" \/>\n\t<meta property=\"og:image:width\" content=\"3908\" \/>\n\t<meta property=\"og:image:height\" content=\"782\" \/>\n\t<meta property=\"og:image:type\" content=\"image\/jpeg\" \/>\n<meta name=\"twitter:card\" content=\"summary_large_image\" \/>\n<script type=\"application\/ld+json\" class=\"yoast-schema-graph\">{\"@context\":\"https:\/\/schema.org\",\"@graph\":[{\"@type\":\"WebPage\",\"@id\":\"https:\/\/www.goron.fr\/ar\/%D8%A7%D9%84%D8%AD%D9%85%D8%A7%D9%8A%D8%A9-%D8%A7%D9%84%D8%B4%D8%AE%D8%B5%D9%8A%D8%A9\/\",\"url\":\"https:\/\/www.goron.fr\/ar\/%D8%A7%D9%84%D8%AD%D9%85%D8%A7%D9%8A%D8%A9-%D8%A7%D9%84%D8%B4%D8%AE%D8%B5%D9%8A%D8%A9\/\",\"name\":\"\u0627\u0644\u062d\u0645\u0627\u064a\u0629 \u0627\u0644\u0634\u062e\u0635\u064a\u0629 - GORON S.A\",\"isPartOf\":{\"@id\":\"https:\/\/www.goron.fr\/#website\"},\"datePublished\":\"2019-04-05T17:10:20+00:00\",\"dateModified\":\"2021-10-26T13:19:38+00:00\",\"description\":\"\u0645\u0647\u0627\u0645\u0646\u0627 \u0644\u0627\u062a\u0642\u062a\u0635\u0631\u0639\u0644\u0649 \u062a\u0627\u0645\u064a\u0646 \u0627\u0644\u0645\u0645\u062a\u0644\u0643\u0627\u062a \u0641\u0642\u0637 \u0641\u0627\u0645\u0646 \u062e\u0644\u0627\u0644 \u0641\u0631\u0639\u0646\u0627 \u0627\u0644\u0645\u062e\u0635\u0635 \u064a\u0636\u0645\u0646 \u0627\u0644\u062d\u0645\u0627\u064a\u0629 \u2018\u2019 GORON SERVICES DE PROTECTION\u2019\u2019 \u062d\u0635\u0631\u064a\u0627 \u0648\u0627\u0644\u0633\u0644\u0627\u0645\u0629 \u0627\u0644\u062c\u0633\u062f\u064a\u0629 \u0644\u0644\u0623\u0634\u062e\u0627\u0635\",\"breadcrumb\":{\"@id\":\"https:\/\/www.goron.fr\/ar\/%D8%A7%D9%84%D8%AD%D9%85%D8%A7%D9%8A%D8%A9-%D8%A7%D9%84%D8%B4%D8%AE%D8%B5%D9%8A%D8%A9\/#breadcrumb\"},\"inLanguage\":\"ar\",\"potentialAction\":[{\"@type\":\"ReadAction\",\"target\":[\"https:\/\/www.goron.fr\/ar\/%D8%A7%D9%84%D8%AD%D9%85%D8%A7%D9%8A%D8%A9-%D8%A7%D9%84%D8%B4%D8%AE%D8%B5%D9%8A%D8%A9\/\"]}]},{\"@type\":\"BreadcrumbList\",\"@id\":\"https:\/\/www.goron.fr\/ar\/%D8%A7%D9%84%D8%AD%D9%85%D8%A7%D9%8A%D8%A9-%D8%A7%D9%84%D8%B4%D8%AE%D8%B5%D9%8A%D8%A9\/#breadcrumb\",\"itemListElement\":[{\"@type\":\"ListItem\",\"position\":1,\"name\":\"Accueil\",\"item\":\"https:\/\/www.goron.fr\/\"},{\"@type\":\"ListItem\",\"position\":2,\"name\":\"\u0627\u0644\u062d\u0645\u0627\u064a\u0629 \u0627\u0644\u0634\u062e\u0635\u064a\u0629\"}]},{\"@type\":\"WebSite\",\"@id\":\"https:\/\/www.goron.fr\/#website\",\"url\":\"https:\/\/www.goron.fr\/\",\"name\":\"Goron\",\"description\":\"S\u00e9curit\u00e9 Priv\u00e9e\",\"potentialAction\":[{\"@type\":\"SearchAction\",\"target\":{\"@type\":\"EntryPoint\",\"urlTemplate\":\"https:\/\/www.goron.fr\/?s={search_term_string}\"},\"query-input\":\"required name=search_term_string\"}],\"inLanguage\":\"ar\"}]}<\/script>\n<!-- \/ Yoast SEO plugin. -->","yoast_head_json":{"title":"\u0627\u0644\u062d\u0645\u0627\u064a\u0629 \u0627\u0644\u0634\u062e\u0635\u064a\u0629 - GORON S.A","description":"\u0645\u0647\u0627\u0645\u0646\u0627 \u0644\u0627\u062a\u0642\u062a\u0635\u0631\u0639\u0644\u0649 \u062a\u0627\u0645\u064a\u0646 \u0627\u0644\u0645\u0645\u062a\u0644\u0643\u0627\u062a \u0641\u0642\u0637 \u0641\u0627\u0645\u0646 \u062e\u0644\u0627\u0644 \u0641\u0631\u0639\u0646\u0627 \u0627\u0644\u0645\u062e\u0635\u0635 \u064a\u0636\u0645\u0646 \u0627\u0644\u062d\u0645\u0627\u064a\u0629 \u2018\u2019 GORON SERVICES DE PROTECTION\u2019\u2019 \u062d\u0635\u0631\u064a\u0627 \u0648\u0627\u0644\u0633\u0644\u0627\u0645\u0629 \u0627\u0644\u062c\u0633\u062f\u064a\u0629 \u0644\u0644\u0623\u0634\u062e\u0627\u0635","robots":{"index":"index","follow":"follow","max-snippet":"max-snippet:-1","max-image-preview":"max-image-preview:large","max-video-preview":"max-video-preview:-1"},"canonical":"https:\/\/www.goron.fr\/ar\/\u0627\u0644\u062d\u0645\u0627\u064a\u0629-\u0627\u0644\u0634\u062e\u0635\u064a\u0629\/","og_locale":"ar_AR","og_type":"article","og_title":"\u0627\u0644\u062d\u0645\u0627\u064a\u0629 \u0627\u0644\u0634\u062e\u0635\u064a\u0629 - GORON S.A","og_description":"\u0645\u0647\u0627\u0645\u0646\u0627 \u0644\u0627\u062a\u0642\u062a\u0635\u0631\u0639\u0644\u0649 \u062a\u0627\u0645\u064a\u0646 \u0627\u0644\u0645\u0645\u062a\u0644\u0643\u0627\u062a \u0641\u0642\u0637 \u0641\u0627\u0645\u0646 \u062e\u0644\u0627\u0644 \u0641\u0631\u0639\u0646\u0627 \u0627\u0644\u0645\u062e\u0635\u0635 \u064a\u0636\u0645\u0646 \u0627\u0644\u062d\u0645\u0627\u064a\u0629 \u2018\u2019 GORON SERVICES DE PROTECTION\u2019\u2019 \u062d\u0635\u0631\u064a\u0627 \u0648\u0627\u0644\u0633\u0644\u0627\u0645\u0629 \u0627\u0644\u062c\u0633\u062f\u064a\u0629 \u0644\u0644\u0623\u0634\u062e\u0627\u0635","og_url":"https:\/\/www.goron.fr\/ar\/\u0627\u0644\u062d\u0645\u0627\u064a\u0629-\u0627\u0644\u0634\u062e\u0635\u064a\u0629\/","og_site_name":"Goron","article_modified_time":"2021-10-26T13:19:38+00:00","og_image":[{"width":3908,"height":782,"url":"https:\/\/www.goron.fr\/wp-content\/uploads\/2017\/03\/63.jpg","type":"image\/jpeg"}],"twitter_card":"summary_large_image","schema":{"@context":"https:\/\/schema.org","@graph":[{"@type":"WebPage","@id":"https:\/\/www.goron.fr\/ar\/%D8%A7%D9%84%D8%AD%D9%85%D8%A7%D9%8A%D8%A9-%D8%A7%D9%84%D8%B4%D8%AE%D8%B5%D9%8A%D8%A9\/","url":"https:\/\/www.goron.fr\/ar\/%D8%A7%D9%84%D8%AD%D9%85%D8%A7%D9%8A%D8%A9-%D8%A7%D9%84%D8%B4%D8%AE%D8%B5%D9%8A%D8%A9\/","name":"\u0627\u0644\u062d\u0645\u0627\u064a\u0629 \u0627\u0644\u0634\u062e\u0635\u064a\u0629 - GORON S.A","isPartOf":{"@id":"https:\/\/www.goron.fr\/#website"},"datePublished":"2019-04-05T17:10:20+00:00","dateModified":"2021-10-26T13:19:38+00:00","description":"\u0645\u0647\u0627\u0645\u0646\u0627 \u0644\u0627\u062a\u0642\u062a\u0635\u0631\u0639\u0644\u0649 \u062a\u0627\u0645\u064a\u0646 \u0627\u0644\u0645\u0645\u062a\u0644\u0643\u0627\u062a \u0641\u0642\u0637 \u0641\u0627\u0645\u0646 \u062e\u0644\u0627\u0644 \u0641\u0631\u0639\u0646\u0627 \u0627\u0644\u0645\u062e\u0635\u0635 \u064a\u0636\u0645\u0646 \u0627\u0644\u062d\u0645\u0627\u064a\u0629 \u2018\u2019 GORON SERVICES DE PROTECTION\u2019\u2019 \u062d\u0635\u0631\u064a\u0627 \u0648\u0627\u0644\u0633\u0644\u0627\u0645\u0629 \u0627\u0644\u062c\u0633\u062f\u064a\u0629 \u0644\u0644\u0623\u0634\u062e\u0627\u0635","breadcrumb":{"@id":"https:\/\/www.goron.fr\/ar\/%D8%A7%D9%84%D8%AD%D9%85%D8%A7%D9%8A%D8%A9-%D8%A7%D9%84%D8%B4%D8%AE%D8%B5%D9%8A%D8%A9\/#breadcrumb"},"inLanguage":"ar","potentialAction":[{"@type":"ReadAction","target":["https:\/\/www.goron.fr\/ar\/%D8%A7%D9%84%D8%AD%D9%85%D8%A7%D9%8A%D8%A9-%D8%A7%D9%84%D8%B4%D8%AE%D8%B5%D9%8A%D8%A9\/"]}]},{"@type":"BreadcrumbList","@id":"https:\/\/www.goron.fr\/ar\/%D8%A7%D9%84%D8%AD%D9%85%D8%A7%D9%8A%D8%A9-%D8%A7%D9%84%D8%B4%D8%AE%D8%B5%D9%8A%D8%A9\/#breadcrumb","itemListElement":[{"@type":"ListItem","position":1,"name":"Accueil","item":"https:\/\/www.goron.fr\/"},{"@type":"ListItem","position":2,"name":"\u0627\u0644\u062d\u0645\u0627\u064a\u0629 \u0627\u0644\u0634\u062e\u0635\u064a\u0629"}]},{"@type":"WebSite","@id":"https:\/\/www.goron.fr\/#website","url":"https:\/\/www.goron.fr\/","name":"Goron","description":"S\u00e9curit\u00e9 Priv\u00e9e","potentialAction":[{"@type":"SearchAction","target":{"@type":"EntryPoint","urlTemplate":"https:\/\/www.goron.fr\/?s={search_term_string}"},"query-input":"required name=search_term_string"}],"inLanguage":"ar"}]}},"_links":{"self":[{"href":"https:\/\/www.goron.fr\/ar\/wp-json\/wp\/v2\/pages\/10225\/"}],"collection":[{"href":"https:\/\/www.goron.fr\/ar\/wp-json\/wp\/v2\/pages\/"}],"about":[{"href":"https:\/\/www.goron.fr\/ar\/wp-json\/wp\/v2\/types\/page\/"}],"author":[{"embeddable":true,"href":"https:\/\/www.goron.fr\/ar\/wp-json\/wp\/v2\/users\/1\/"}],"replies":[{"embeddable":true,"href":"https:\/\/www.goron.fr\/ar\/wp-json\/wp\/v2\/comments\/?post=10225"}],"version-history":[{"count":3,"href":"https:\/\/www.goron.fr\/ar\/wp-json\/wp\/v2\/pages\/10225\/revisions\/"}],"predecessor-version":[{"id":16073,"href":"https:\/\/www.goron.fr\/ar\/wp-json\/wp\/v2\/pages\/10225\/revisions\/16073\/"}],"wp:featuredmedia":[{"embeddable":true,"href":"https:\/\/www.goron.fr\/ar\/wp-json\/wp\/v2\/media\/10227\/"}],"wp:attachment":[{"href":"https:\/\/www.goron.fr\/ar\/wp-json\/wp\/v2\/media\/?parent=10225"}],"curies":[{"name":"wp","href":"https:\/\/api.w.org\/{rel}","templated":true}]}}